{"id":2855,"date":"2024-04-08T16:59:38","date_gmt":"2024-04-08T14:59:38","guid":{"rendered":"https:\/\/www.domaine-girard.com\/?post_type=product&#038;p=2855"},"modified":"2026-01-17T18:30:03","modified_gmt":"2026-01-17T17:30:03","slug":"savigny-les-beaune-les-godeaux-sans-sulfites","status":"publish","type":"product","link":"https:\/\/www.domaine-girard.com\/en\/produit\/savigny-les-beaune-les-godeaux-sans-sulfites\/","title":{"rendered":"Savigny-Les-Beaune &#8220;Les Godeaux&#8221; sans sulfites"},"content":{"rendered":"","protected":false},"excerpt":{"rendered":"<p>! Nouveaut\u00e9 du printemps !<\/p>\n<p>Une\u00a0cuv\u00e9e \u00e9labor\u00e9e sans ajouts d&#8217;intrants, sans sulfites, sans bois, sans sucres pour votre plus grand plaisir ! Nez chatoyant, aux notes florales et aux ar\u00f4mes de fruits rouges. Bouche friande et gourmande. Servir ce vin entre 15 et 17\u00b0C.<\/p>\n<p>Accompagnement :<\/p>\n<p>Se d\u00e9gustera parfaitement sur des grillades \u00e0 la plancha ou des fromages \u00e0 pate molle.<\/p>\n<p>A consommer dans les 5 ans<\/p>\n<p>&nbsp;<\/p>\n","protected":false},"featured_media":2856,"template":"","meta":{"_acf_changed":false},"product_brand":[],"product_cat":[18],"product_tag":[],"class_list":{"0":"post-2855","1":"product","2":"type-product","3":"status-publish","4":"has-post-thumbnail","6":"product_cat-vins-rouges","8":"first","9":"instock","10":"taxable","11":"shipping-taxable","12":"purchasable","13":"product-type-simple"},"acf":[],"yoast_head":"<!-- This site is optimized with the Yoast SEO plugin v25.2 - https:\/\/yoast.com\/wordpress\/plugins\/seo\/ -->\n<title>Savigny-Les-Beaune &quot;Les Godeaux&quot; sans sulfites - Domaine Jean Jacques Girard<\/title>\n<meta name=\"robots\" content=\"index, follow, max-snippet:-1, max-image-preview:large, max-video-preview:-1\" \/>\n<link rel=\"canonical\" href=\"https:\/\/www.domaine-girard.com\/produit\/savigny-les-beaune-les-godeaux-sans-sulfites\/\" \/>\n<meta property=\"og:locale\" content=\"en_US\" \/>\n<meta property=\"og:type\" content=\"article\" \/>\n<meta property=\"og:title\" content=\"Savigny-Les-Beaune &quot;Les Godeaux&quot; sans sulfites - Domaine Jean Jacques Girard\" \/>\n<meta property=\"og:description\" content=\"! Nouveaut\u00e9 du printemps !  Une\u00a0cuv\u00e9e \u00e9labor\u00e9e sans ajouts d&#039;intrants, sans sulfites, sans bois, sans sucres pour votre plus grand plaisir ! Nez chatoyant, aux notes florales et aux ar\u00f4mes de fruits rouges. Bouche friande et gourmande. Servir ce vin entre 15 et 17\u00b0C.  Accompagnement :  Se d\u00e9gustera parfaitement sur des grillades \u00e0 la plancha ou des fromages \u00e0 pate molle.  A consommer dans les 5 ans  &nbsp;\" \/>\n<meta property=\"og:url\" content=\"https:\/\/www.domaine-girard.com\/produit\/savigny-les-beaune-les-godeaux-sans-sulfites\/\" \/>\n<meta property=\"og:site_name\" content=\"Domaine Jean Jacques Girard\" \/>\n<meta property=\"article:publisher\" content=\"https:\/\/www.facebook.com\/domainejeanjacquesgirard\/\" \/>\n<meta property=\"article:modified_time\" content=\"2026-01-17T17:30:03+00:00\" \/>\n<meta property=\"og:image\" content=\"https:\/\/www.domaine-girard.com\/wp-content\/uploads\/2024\/04\/Savigny-ss-sulfite.jpg\" \/>\n\t<meta property=\"og:image:width\" content=\"1294\" \/>\n\t<meta property=\"og:image:height\" content=\"882\" \/>\n\t<meta property=\"og:image:type\" content=\"image\/jpeg\" \/>\n<meta name=\"twitter:card\" content=\"summary_large_image\" \/>\n<script type=\"application\/ld+json\" class=\"yoast-schema-graph\">{\"@context\":\"https:\/\/schema.org\",\"@graph\":[{\"@type\":\"WebPage\",\"@id\":\"https:\/\/www.domaine-girard.com\/produit\/savigny-les-beaune-les-godeaux-sans-sulfites\/\",\"url\":\"https:\/\/www.domaine-girard.com\/produit\/savigny-les-beaune-les-godeaux-sans-sulfites\/\",\"name\":\"Savigny-Les-Beaune \\\"Les Godeaux\\\" sans sulfites - Domaine Jean Jacques Girard\",\"isPartOf\":{\"@id\":\"https:\/\/www.domaine-girard.com\/#website\"},\"primaryImageOfPage\":{\"@id\":\"https:\/\/www.domaine-girard.com\/produit\/savigny-les-beaune-les-godeaux-sans-sulfites\/#primaryimage\"},\"image\":{\"@id\":\"https:\/\/www.domaine-girard.com\/produit\/savigny-les-beaune-les-godeaux-sans-sulfites\/#primaryimage\"},\"thumbnailUrl\":\"https:\/\/www.domaine-girard.com\/wp-content\/uploads\/2024\/04\/Savigny-ss-sulfite.jpg\",\"datePublished\":\"2024-04-08T14:59:38+00:00\",\"dateModified\":\"2026-01-17T17:30:03+00:00\",\"breadcrumb\":{\"@id\":\"https:\/\/www.domaine-girard.com\/produit\/savigny-les-beaune-les-godeaux-sans-sulfites\/#breadcrumb\"},\"inLanguage\":\"en-US\",\"potentialAction\":[{\"@type\":\"ReadAction\",\"target\":[\"https:\/\/www.domaine-girard.com\/produit\/savigny-les-beaune-les-godeaux-sans-sulfites\/\"]}]},{\"@type\":\"ImageObject\",\"inLanguage\":\"en-US\",\"@id\":\"https:\/\/www.domaine-girard.com\/produit\/savigny-les-beaune-les-godeaux-sans-sulfites\/#primaryimage\",\"url\":\"https:\/\/www.domaine-girard.com\/wp-content\/uploads\/2024\/04\/Savigny-ss-sulfite.jpg\",\"contentUrl\":\"https:\/\/www.domaine-girard.com\/wp-content\/uploads\/2024\/04\/Savigny-ss-sulfite.jpg\",\"width\":1294,\"height\":882},{\"@type\":\"BreadcrumbList\",\"@id\":\"https:\/\/www.domaine-girard.com\/produit\/savigny-les-beaune-les-godeaux-sans-sulfites\/#breadcrumb\",\"itemListElement\":[{\"@type\":\"ListItem\",\"position\":1,\"name\":\"Home\",\"item\":\"https:\/\/www.domaine-girard.com\/en\/home\/\"},{\"@type\":\"ListItem\",\"position\":2,\"name\":\"Store\",\"item\":\"https:\/\/www.domaine-girard.com\/en\/shop\/\"},{\"@type\":\"ListItem\",\"position\":3,\"name\":\"Savigny-Les-Beaune \u00ab\u00a0Les Godeaux\u00a0\u00bb sans sulfites\"}]},{\"@type\":\"WebSite\",\"@id\":\"https:\/\/www.domaine-girard.com\/#website\",\"url\":\"https:\/\/www.domaine-girard.com\/\",\"name\":\"Domaine Jean Jacques Girard\",\"description\":\"Grands Vins de Bourgogne\",\"publisher\":{\"@id\":\"https:\/\/www.domaine-girard.com\/#organization\"},\"potentialAction\":[{\"@type\":\"SearchAction\",\"target\":{\"@type\":\"EntryPoint\",\"urlTemplate\":\"https:\/\/www.domaine-girard.com\/?s={search_term_string}\"},\"query-input\":{\"@type\":\"PropertyValueSpecification\",\"valueRequired\":true,\"valueName\":\"search_term_string\"}}],\"inLanguage\":\"en-US\"},{\"@type\":\"Organization\",\"@id\":\"https:\/\/www.domaine-girard.com\/#organization\",\"name\":\"Domaine Girard\",\"url\":\"https:\/\/www.domaine-girard.com\/\",\"logo\":{\"@type\":\"ImageObject\",\"inLanguage\":\"en-US\",\"@id\":\"https:\/\/www.domaine-girard.com\/#\/schema\/logo\/image\/\",\"url\":\"https:\/\/www.domaine-girard.com\/wp-content\/uploads\/2021\/09\/logo-sticky.png\",\"contentUrl\":\"https:\/\/www.domaine-girard.com\/wp-content\/uploads\/2021\/09\/logo-sticky.png\",\"width\":85,\"height\":100,\"caption\":\"Domaine Girard\"},\"image\":{\"@id\":\"https:\/\/www.domaine-girard.com\/#\/schema\/logo\/image\/\"},\"sameAs\":[\"https:\/\/www.facebook.com\/domainejeanjacquesgirard\/\"]}]}<\/script>\n<!-- \/ Yoast SEO plugin. -->","yoast_head_json":{"title":"Savigny-Les-Beaune \"Les Godeaux\" sans sulfites - Domaine Jean Jacques Girard","robots":{"index":"index","follow":"follow","max-snippet":"max-snippet:-1","max-image-preview":"max-image-preview:large","max-video-preview":"max-video-preview:-1"},"canonical":"https:\/\/www.domaine-girard.com\/produit\/savigny-les-beaune-les-godeaux-sans-sulfites\/","og_locale":"en_US","og_type":"article","og_title":"Savigny-Les-Beaune \"Les Godeaux\" sans sulfites - Domaine Jean Jacques Girard","og_description":"! Nouveaut\u00e9 du printemps !  Une\u00a0cuv\u00e9e \u00e9labor\u00e9e sans ajouts d'intrants, sans sulfites, sans bois, sans sucres pour votre plus grand plaisir ! Nez chatoyant, aux notes florales et aux ar\u00f4mes de fruits rouges. Bouche friande et gourmande. Servir ce vin entre 15 et 17\u00b0C.  Accompagnement :  Se d\u00e9gustera parfaitement sur des grillades \u00e0 la plancha ou des fromages \u00e0 pate molle.  A consommer dans les 5 ans  &nbsp;","og_url":"https:\/\/www.domaine-girard.com\/produit\/savigny-les-beaune-les-godeaux-sans-sulfites\/","og_site_name":"Domaine Jean Jacques Girard","article_publisher":"https:\/\/www.facebook.com\/domainejeanjacquesgirard\/","article_modified_time":"2026-01-17T17:30:03+00:00","og_image":[{"width":1294,"height":882,"url":"https:\/\/www.domaine-girard.com\/wp-content\/uploads\/2024\/04\/Savigny-ss-sulfite.jpg","type":"image\/jpeg"}],"twitter_card":"summary_large_image","schema":{"@context":"https:\/\/schema.org","@graph":[{"@type":"WebPage","@id":"https:\/\/www.domaine-girard.com\/produit\/savigny-les-beaune-les-godeaux-sans-sulfites\/","url":"https:\/\/www.domaine-girard.com\/produit\/savigny-les-beaune-les-godeaux-sans-sulfites\/","name":"Savigny-Les-Beaune \"Les Godeaux\" sans sulfites - Domaine Jean Jacques Girard","isPartOf":{"@id":"https:\/\/www.domaine-girard.com\/#website"},"primaryImageOfPage":{"@id":"https:\/\/www.domaine-girard.com\/produit\/savigny-les-beaune-les-godeaux-sans-sulfites\/#primaryimage"},"image":{"@id":"https:\/\/www.domaine-girard.com\/produit\/savigny-les-beaune-les-godeaux-sans-sulfites\/#primaryimage"},"thumbnailUrl":"https:\/\/www.domaine-girard.com\/wp-content\/uploads\/2024\/04\/Savigny-ss-sulfite.jpg","datePublished":"2024-04-08T14:59:38+00:00","dateModified":"2026-01-17T17:30:03+00:00","breadcrumb":{"@id":"https:\/\/www.domaine-girard.com\/produit\/savigny-les-beaune-les-godeaux-sans-sulfites\/#breadcrumb"},"inLanguage":"en-US","potentialAction":[{"@type":"ReadAction","target":["https:\/\/www.domaine-girard.com\/produit\/savigny-les-beaune-les-godeaux-sans-sulfites\/"]}]},{"@type":"ImageObject","inLanguage":"en-US","@id":"https:\/\/www.domaine-girard.com\/produit\/savigny-les-beaune-les-godeaux-sans-sulfites\/#primaryimage","url":"https:\/\/www.domaine-girard.com\/wp-content\/uploads\/2024\/04\/Savigny-ss-sulfite.jpg","contentUrl":"https:\/\/www.domaine-girard.com\/wp-content\/uploads\/2024\/04\/Savigny-ss-sulfite.jpg","width":1294,"height":882},{"@type":"BreadcrumbList","@id":"https:\/\/www.domaine-girard.com\/produit\/savigny-les-beaune-les-godeaux-sans-sulfites\/#breadcrumb","itemListElement":[{"@type":"ListItem","position":1,"name":"Home","item":"https:\/\/www.domaine-girard.com\/en\/home\/"},{"@type":"ListItem","position":2,"name":"Store","item":"https:\/\/www.domaine-girard.com\/en\/shop\/"},{"@type":"ListItem","position":3,"name":"Savigny-Les-Beaune \u00ab\u00a0Les Godeaux\u00a0\u00bb sans sulfites"}]},{"@type":"WebSite","@id":"https:\/\/www.domaine-girard.com\/#website","url":"https:\/\/www.domaine-girard.com\/","name":"Domaine Jean Jacques Girard","description":"Grands Vins de Bourgogne","publisher":{"@id":"https:\/\/www.domaine-girard.com\/#organization"},"potentialAction":[{"@type":"SearchAction","target":{"@type":"EntryPoint","urlTemplate":"https:\/\/www.domaine-girard.com\/?s={search_term_string}"},"query-input":{"@type":"PropertyValueSpecification","valueRequired":true,"valueName":"search_term_string"}}],"inLanguage":"en-US"},{"@type":"Organization","@id":"https:\/\/www.domaine-girard.com\/#organization","name":"Domaine Girard","url":"https:\/\/www.domaine-girard.com\/","logo":{"@type":"ImageObject","inLanguage":"en-US","@id":"https:\/\/www.domaine-girard.com\/#\/schema\/logo\/image\/","url":"https:\/\/www.domaine-girard.com\/wp-content\/uploads\/2021\/09\/logo-sticky.png","contentUrl":"https:\/\/www.domaine-girard.com\/wp-content\/uploads\/2021\/09\/logo-sticky.png","width":85,"height":100,"caption":"Domaine Girard"},"image":{"@id":"https:\/\/www.domaine-girard.com\/#\/schema\/logo\/image\/"},"sameAs":["https:\/\/www.facebook.com\/domainejeanjacquesgirard\/"]}]}},"_links":{"self":[{"href":"https:\/\/www.domaine-girard.com\/en\/wp-json\/wp\/v2\/product\/2855","targetHints":{"allow":["GET"]}}],"collection":[{"href":"https:\/\/www.domaine-girard.com\/en\/wp-json\/wp\/v2\/product"}],"about":[{"href":"https:\/\/www.domaine-girard.com\/en\/wp-json\/wp\/v2\/types\/product"}],"wp:featuredmedia":[{"embeddable":true,"href":"https:\/\/www.domaine-girard.com\/en\/wp-json\/wp\/v2\/media\/2856"}],"wp:attachment":[{"href":"https:\/\/www.domaine-girard.com\/en\/wp-json\/wp\/v2\/media?parent=2855"}],"wp:term":[{"taxonomy":"product_brand","embeddable":true,"href":"https:\/\/www.domaine-girard.com\/en\/wp-json\/wp\/v2\/product_brand?post=2855"},{"taxonomy":"product_cat","embeddable":true,"href":"https:\/\/www.domaine-girard.com\/en\/wp-json\/wp\/v2\/product_cat?post=2855"},{"taxonomy":"product_tag","embeddable":true,"href":"https:\/\/www.domaine-girard.com\/en\/wp-json\/wp\/v2\/product_tag?post=2855"}],"curies":[{"name":"wp","href":"https:\/\/api.w.org\/{rel}","templated":true}]}}