{"id":2791,"date":"2024-01-18T15:37:16","date_gmt":"2024-01-18T14:37:16","guid":{"rendered":"https:\/\/www.domaine-girard.com\/?post_type=product&#038;p=2791"},"modified":"2026-03-04T13:28:01","modified_gmt":"2026-03-04T12:28:01","slug":"meursault-1er-cru-les-charmes","status":"publish","type":"product","link":"https:\/\/www.domaine-girard.com\/en\/produit\/meursault-1er-cru-les-charmes\/","title":{"rendered":"Meursault 1er Cru &#8220;Les Charmes&#8221;"},"content":{"rendered":"","protected":false},"excerpt":{"rendered":"<p>De couleur Or-Vert, limpide et brillant avec des reflets argent\u00e9s.<\/p>\n<p>Au nez il \u00e9voque la grappe m\u00fbre, accompagn\u00e9e de notes d\u2019amandes et de noisettes grill\u00e9es dans un environnement v\u00e9g\u00e9tal et floral et min\u00e9ral (silex).<\/p>\n<p>Un vin riche et gras, mais avec une belle fra\u00eecheur.<\/p>\n","protected":false},"featured_media":3027,"template":"","meta":{"_acf_changed":false},"product_brand":[],"product_cat":[19],"product_tag":[],"class_list":{"0":"post-2791","1":"product","2":"type-product","3":"status-publish","4":"has-post-thumbnail","6":"product_cat-vins-blancs","8":"first","9":"instock","10":"taxable","11":"shipping-taxable","12":"purchasable","13":"product-type-simple"},"acf":[],"yoast_head":"<!-- This site is optimized with the Yoast SEO plugin v25.2 - https:\/\/yoast.com\/wordpress\/plugins\/seo\/ -->\n<title>Meursault 1er Cru &quot;Les Charmes&quot; - Domaine Jean Jacques Girard<\/title>\n<meta name=\"robots\" content=\"index, follow, max-snippet:-1, max-image-preview:large, max-video-preview:-1\" \/>\n<link rel=\"canonical\" href=\"https:\/\/www.domaine-girard.com\/produit\/meursault-1er-cru-les-charmes\/\" \/>\n<meta property=\"og:locale\" content=\"en_US\" \/>\n<meta property=\"og:type\" content=\"article\" \/>\n<meta property=\"og:title\" content=\"Meursault 1er Cru &quot;Les Charmes&quot; - Domaine Jean Jacques Girard\" \/>\n<meta property=\"og:description\" content=\"De couleur Or-Vert, limpide et brillant avec des reflets argent\u00e9s.  Au nez il \u00e9voque la grappe m\u00fbre, accompagn\u00e9e de notes d\u2019amandes et de noisettes grill\u00e9es dans un environnement v\u00e9g\u00e9tal et floral et min\u00e9ral (silex).  Un vin riche et gras, mais avec une belle fra\u00eecheur.\" \/>\n<meta property=\"og:url\" content=\"https:\/\/www.domaine-girard.com\/produit\/meursault-1er-cru-les-charmes\/\" \/>\n<meta property=\"og:site_name\" content=\"Domaine Jean Jacques Girard\" \/>\n<meta property=\"article:publisher\" content=\"https:\/\/www.facebook.com\/domainejeanjacquesgirard\/\" \/>\n<meta property=\"article:modified_time\" content=\"2026-03-04T12:28:01+00:00\" \/>\n<meta property=\"og:image\" content=\"https:\/\/www.domaine-girard.com\/wp-content\/uploads\/2024\/01\/MeursaultCharmes-1-scaled.jpg\" \/>\n\t<meta property=\"og:image:width\" content=\"1706\" \/>\n\t<meta property=\"og:image:height\" content=\"2560\" \/>\n\t<meta property=\"og:image:type\" content=\"image\/jpeg\" \/>\n<meta name=\"twitter:card\" content=\"summary_large_image\" \/>\n<script type=\"application\/ld+json\" class=\"yoast-schema-graph\">{\"@context\":\"https:\/\/schema.org\",\"@graph\":[{\"@type\":\"WebPage\",\"@id\":\"https:\/\/www.domaine-girard.com\/produit\/meursault-1er-cru-les-charmes\/\",\"url\":\"https:\/\/www.domaine-girard.com\/produit\/meursault-1er-cru-les-charmes\/\",\"name\":\"Meursault 1er Cru \\\"Les Charmes\\\" - Domaine Jean Jacques Girard\",\"isPartOf\":{\"@id\":\"https:\/\/www.domaine-girard.com\/#website\"},\"primaryImageOfPage\":{\"@id\":\"https:\/\/www.domaine-girard.com\/produit\/meursault-1er-cru-les-charmes\/#primaryimage\"},\"image\":{\"@id\":\"https:\/\/www.domaine-girard.com\/produit\/meursault-1er-cru-les-charmes\/#primaryimage\"},\"thumbnailUrl\":\"https:\/\/www.domaine-girard.com\/wp-content\/uploads\/2024\/01\/MeursaultCharmes-1-scaled.jpg\",\"datePublished\":\"2024-01-18T14:37:16+00:00\",\"dateModified\":\"2026-03-04T12:28:01+00:00\",\"breadcrumb\":{\"@id\":\"https:\/\/www.domaine-girard.com\/produit\/meursault-1er-cru-les-charmes\/#breadcrumb\"},\"inLanguage\":\"en-US\",\"potentialAction\":[{\"@type\":\"ReadAction\",\"target\":[\"https:\/\/www.domaine-girard.com\/produit\/meursault-1er-cru-les-charmes\/\"]}]},{\"@type\":\"ImageObject\",\"inLanguage\":\"en-US\",\"@id\":\"https:\/\/www.domaine-girard.com\/produit\/meursault-1er-cru-les-charmes\/#primaryimage\",\"url\":\"https:\/\/www.domaine-girard.com\/wp-content\/uploads\/2024\/01\/MeursaultCharmes-1-scaled.jpg\",\"contentUrl\":\"https:\/\/www.domaine-girard.com\/wp-content\/uploads\/2024\/01\/MeursaultCharmes-1-scaled.jpg\",\"width\":1706,\"height\":2560},{\"@type\":\"BreadcrumbList\",\"@id\":\"https:\/\/www.domaine-girard.com\/produit\/meursault-1er-cru-les-charmes\/#breadcrumb\",\"itemListElement\":[{\"@type\":\"ListItem\",\"position\":1,\"name\":\"Home\",\"item\":\"https:\/\/www.domaine-girard.com\/en\/home\/\"},{\"@type\":\"ListItem\",\"position\":2,\"name\":\"Store\",\"item\":\"https:\/\/www.domaine-girard.com\/en\/shop\/\"},{\"@type\":\"ListItem\",\"position\":3,\"name\":\"Meursault 1er Cru \u00ab\u00a0Les Charmes\u00a0\u00bb\"}]},{\"@type\":\"WebSite\",\"@id\":\"https:\/\/www.domaine-girard.com\/#website\",\"url\":\"https:\/\/www.domaine-girard.com\/\",\"name\":\"Domaine Jean Jacques Girard\",\"description\":\"Grands Vins de Bourgogne\",\"publisher\":{\"@id\":\"https:\/\/www.domaine-girard.com\/#organization\"},\"potentialAction\":[{\"@type\":\"SearchAction\",\"target\":{\"@type\":\"EntryPoint\",\"urlTemplate\":\"https:\/\/www.domaine-girard.com\/?s={search_term_string}\"},\"query-input\":{\"@type\":\"PropertyValueSpecification\",\"valueRequired\":true,\"valueName\":\"search_term_string\"}}],\"inLanguage\":\"en-US\"},{\"@type\":\"Organization\",\"@id\":\"https:\/\/www.domaine-girard.com\/#organization\",\"name\":\"Domaine Girard\",\"url\":\"https:\/\/www.domaine-girard.com\/\",\"logo\":{\"@type\":\"ImageObject\",\"inLanguage\":\"en-US\",\"@id\":\"https:\/\/www.domaine-girard.com\/#\/schema\/logo\/image\/\",\"url\":\"https:\/\/www.domaine-girard.com\/wp-content\/uploads\/2021\/09\/logo-sticky.png\",\"contentUrl\":\"https:\/\/www.domaine-girard.com\/wp-content\/uploads\/2021\/09\/logo-sticky.png\",\"width\":85,\"height\":100,\"caption\":\"Domaine Girard\"},\"image\":{\"@id\":\"https:\/\/www.domaine-girard.com\/#\/schema\/logo\/image\/\"},\"sameAs\":[\"https:\/\/www.facebook.com\/domainejeanjacquesgirard\/\"]}]}<\/script>\n<!-- \/ Yoast SEO plugin. -->","yoast_head_json":{"title":"Meursault 1er Cru \"Les Charmes\" - Domaine Jean Jacques Girard","robots":{"index":"index","follow":"follow","max-snippet":"max-snippet:-1","max-image-preview":"max-image-preview:large","max-video-preview":"max-video-preview:-1"},"canonical":"https:\/\/www.domaine-girard.com\/produit\/meursault-1er-cru-les-charmes\/","og_locale":"en_US","og_type":"article","og_title":"Meursault 1er Cru \"Les Charmes\" - Domaine Jean Jacques Girard","og_description":"De couleur Or-Vert, limpide et brillant avec des reflets argent\u00e9s.  Au nez il \u00e9voque la grappe m\u00fbre, accompagn\u00e9e de notes d\u2019amandes et de noisettes grill\u00e9es dans un environnement v\u00e9g\u00e9tal et floral et min\u00e9ral (silex).  Un vin riche et gras, mais avec une belle fra\u00eecheur.","og_url":"https:\/\/www.domaine-girard.com\/produit\/meursault-1er-cru-les-charmes\/","og_site_name":"Domaine Jean Jacques Girard","article_publisher":"https:\/\/www.facebook.com\/domainejeanjacquesgirard\/","article_modified_time":"2026-03-04T12:28:01+00:00","og_image":[{"width":1706,"height":2560,"url":"https:\/\/www.domaine-girard.com\/wp-content\/uploads\/2024\/01\/MeursaultCharmes-1-scaled.jpg","type":"image\/jpeg"}],"twitter_card":"summary_large_image","schema":{"@context":"https:\/\/schema.org","@graph":[{"@type":"WebPage","@id":"https:\/\/www.domaine-girard.com\/produit\/meursault-1er-cru-les-charmes\/","url":"https:\/\/www.domaine-girard.com\/produit\/meursault-1er-cru-les-charmes\/","name":"Meursault 1er Cru \"Les Charmes\" - Domaine Jean Jacques Girard","isPartOf":{"@id":"https:\/\/www.domaine-girard.com\/#website"},"primaryImageOfPage":{"@id":"https:\/\/www.domaine-girard.com\/produit\/meursault-1er-cru-les-charmes\/#primaryimage"},"image":{"@id":"https:\/\/www.domaine-girard.com\/produit\/meursault-1er-cru-les-charmes\/#primaryimage"},"thumbnailUrl":"https:\/\/www.domaine-girard.com\/wp-content\/uploads\/2024\/01\/MeursaultCharmes-1-scaled.jpg","datePublished":"2024-01-18T14:37:16+00:00","dateModified":"2026-03-04T12:28:01+00:00","breadcrumb":{"@id":"https:\/\/www.domaine-girard.com\/produit\/meursault-1er-cru-les-charmes\/#breadcrumb"},"inLanguage":"en-US","potentialAction":[{"@type":"ReadAction","target":["https:\/\/www.domaine-girard.com\/produit\/meursault-1er-cru-les-charmes\/"]}]},{"@type":"ImageObject","inLanguage":"en-US","@id":"https:\/\/www.domaine-girard.com\/produit\/meursault-1er-cru-les-charmes\/#primaryimage","url":"https:\/\/www.domaine-girard.com\/wp-content\/uploads\/2024\/01\/MeursaultCharmes-1-scaled.jpg","contentUrl":"https:\/\/www.domaine-girard.com\/wp-content\/uploads\/2024\/01\/MeursaultCharmes-1-scaled.jpg","width":1706,"height":2560},{"@type":"BreadcrumbList","@id":"https:\/\/www.domaine-girard.com\/produit\/meursault-1er-cru-les-charmes\/#breadcrumb","itemListElement":[{"@type":"ListItem","position":1,"name":"Home","item":"https:\/\/www.domaine-girard.com\/en\/home\/"},{"@type":"ListItem","position":2,"name":"Store","item":"https:\/\/www.domaine-girard.com\/en\/shop\/"},{"@type":"ListItem","position":3,"name":"Meursault 1er Cru \u00ab\u00a0Les Charmes\u00a0\u00bb"}]},{"@type":"WebSite","@id":"https:\/\/www.domaine-girard.com\/#website","url":"https:\/\/www.domaine-girard.com\/","name":"Domaine Jean Jacques Girard","description":"Grands Vins de Bourgogne","publisher":{"@id":"https:\/\/www.domaine-girard.com\/#organization"},"potentialAction":[{"@type":"SearchAction","target":{"@type":"EntryPoint","urlTemplate":"https:\/\/www.domaine-girard.com\/?s={search_term_string}"},"query-input":{"@type":"PropertyValueSpecification","valueRequired":true,"valueName":"search_term_string"}}],"inLanguage":"en-US"},{"@type":"Organization","@id":"https:\/\/www.domaine-girard.com\/#organization","name":"Domaine Girard","url":"https:\/\/www.domaine-girard.com\/","logo":{"@type":"ImageObject","inLanguage":"en-US","@id":"https:\/\/www.domaine-girard.com\/#\/schema\/logo\/image\/","url":"https:\/\/www.domaine-girard.com\/wp-content\/uploads\/2021\/09\/logo-sticky.png","contentUrl":"https:\/\/www.domaine-girard.com\/wp-content\/uploads\/2021\/09\/logo-sticky.png","width":85,"height":100,"caption":"Domaine Girard"},"image":{"@id":"https:\/\/www.domaine-girard.com\/#\/schema\/logo\/image\/"},"sameAs":["https:\/\/www.facebook.com\/domainejeanjacquesgirard\/"]}]}},"_links":{"self":[{"href":"https:\/\/www.domaine-girard.com\/en\/wp-json\/wp\/v2\/product\/2791","targetHints":{"allow":["GET"]}}],"collection":[{"href":"https:\/\/www.domaine-girard.com\/en\/wp-json\/wp\/v2\/product"}],"about":[{"href":"https:\/\/www.domaine-girard.com\/en\/wp-json\/wp\/v2\/types\/product"}],"wp:featuredmedia":[{"embeddable":true,"href":"https:\/\/www.domaine-girard.com\/en\/wp-json\/wp\/v2\/media\/3027"}],"wp:attachment":[{"href":"https:\/\/www.domaine-girard.com\/en\/wp-json\/wp\/v2\/media?parent=2791"}],"wp:term":[{"taxonomy":"product_brand","embeddable":true,"href":"https:\/\/www.domaine-girard.com\/en\/wp-json\/wp\/v2\/product_brand?post=2791"},{"taxonomy":"product_cat","embeddable":true,"href":"https:\/\/www.domaine-girard.com\/en\/wp-json\/wp\/v2\/product_cat?post=2791"},{"taxonomy":"product_tag","embeddable":true,"href":"https:\/\/www.domaine-girard.com\/en\/wp-json\/wp\/v2\/product_tag?post=2791"}],"curies":[{"name":"wp","href":"https:\/\/api.w.org\/{rel}","templated":true}]}}