{"id":2786,"date":"2024-01-18T15:33:06","date_gmt":"2024-01-18T14:33:06","guid":{"rendered":"https:\/\/www.domaine-girard.com\/?post_type=product&#038;p=2786"},"modified":"2025-01-13T11:26:16","modified_gmt":"2025-01-13T10:26:16","slug":"puligny-montrachet-1er-cru-les-referts","status":"publish","type":"product","link":"https:\/\/www.domaine-girard.com\/en\/produit\/puligny-montrachet-1er-cru-les-referts\/","title":{"rendered":"Puligny Montrachet 1er Cru &#8220;La Garenne&#8221;"},"content":{"rendered":"","protected":false},"excerpt":{"rendered":"<p>Robe dor\u00e9e et brillante, notre Puligny Montrachet d\u00e9voile un nez aux notes de p\u00e2te d\u2019amande et de vanille.<\/p>\n<p>Sa bouche, ample et ronde, offre des ar\u00f4mes de p\u00eache blanche.<\/p>\n<p>Belle persistance, il offre une bouche pleine et \u00e9quilibr\u00e9 entre l\u2019onctuosit\u00e9 et la tension min\u00e9rale.<\/p>\n","protected":false},"featured_media":3059,"template":"","meta":{"_acf_changed":false},"product_brand":[],"product_cat":[19],"product_tag":[],"class_list":{"0":"post-2786","1":"product","2":"type-product","3":"status-publish","4":"has-post-thumbnail","6":"product_cat-vins-blancs","8":"first","9":"instock","10":"taxable","11":"shipping-taxable","12":"purchasable","13":"product-type-simple"},"acf":[],"yoast_head":"<!-- This site is optimized with the Yoast SEO plugin v25.2 - https:\/\/yoast.com\/wordpress\/plugins\/seo\/ -->\n<title>Puligny Montrachet 1er Cru &quot;La Garenne&quot; - Domaine Jean Jacques Girard<\/title>\n<meta name=\"robots\" content=\"index, follow, max-snippet:-1, max-image-preview:large, max-video-preview:-1\" \/>\n<link rel=\"canonical\" href=\"https:\/\/www.domaine-girard.com\/produit\/puligny-montrachet-1er-cru-les-referts\/\" \/>\n<meta property=\"og:locale\" content=\"en_US\" \/>\n<meta property=\"og:type\" content=\"article\" \/>\n<meta property=\"og:title\" content=\"Puligny Montrachet 1er Cru &quot;La Garenne&quot; - Domaine Jean Jacques Girard\" \/>\n<meta property=\"og:description\" content=\"Robe dor\u00e9e et brillante, notre Puligny Montrachet d\u00e9voile un nez aux notes de p\u00e2te d\u2019amande et de vanille.  Sa bouche, ample et ronde, offre des ar\u00f4mes de p\u00eache blanche.  Belle persistance, il offre une bouche pleine et \u00e9quilibr\u00e9 entre l\u2019onctuosit\u00e9 et la tension min\u00e9rale.\" \/>\n<meta property=\"og:url\" content=\"https:\/\/www.domaine-girard.com\/produit\/puligny-montrachet-1er-cru-les-referts\/\" \/>\n<meta property=\"og:site_name\" content=\"Domaine Jean Jacques Girard\" \/>\n<meta property=\"article:publisher\" content=\"https:\/\/www.facebook.com\/domainejeanjacquesgirard\/\" \/>\n<meta property=\"article:modified_time\" content=\"2025-01-13T10:26:16+00:00\" \/>\n<meta property=\"og:image\" content=\"https:\/\/www.domaine-girard.com\/wp-content\/uploads\/2024\/01\/Puligny-1er-Cru-la-Garenne-scaled.jpg\" \/>\n\t<meta property=\"og:image:width\" content=\"1706\" \/>\n\t<meta property=\"og:image:height\" content=\"2560\" \/>\n\t<meta property=\"og:image:type\" content=\"image\/jpeg\" \/>\n<meta name=\"twitter:card\" content=\"summary_large_image\" \/>\n<script type=\"application\/ld+json\" class=\"yoast-schema-graph\">{\"@context\":\"https:\/\/schema.org\",\"@graph\":[{\"@type\":\"WebPage\",\"@id\":\"https:\/\/www.domaine-girard.com\/produit\/puligny-montrachet-1er-cru-les-referts\/\",\"url\":\"https:\/\/www.domaine-girard.com\/produit\/puligny-montrachet-1er-cru-les-referts\/\",\"name\":\"Puligny Montrachet 1er Cru \\\"La Garenne\\\" - Domaine Jean Jacques Girard\",\"isPartOf\":{\"@id\":\"https:\/\/www.domaine-girard.com\/#website\"},\"primaryImageOfPage\":{\"@id\":\"https:\/\/www.domaine-girard.com\/produit\/puligny-montrachet-1er-cru-les-referts\/#primaryimage\"},\"image\":{\"@id\":\"https:\/\/www.domaine-girard.com\/produit\/puligny-montrachet-1er-cru-les-referts\/#primaryimage\"},\"thumbnailUrl\":\"https:\/\/www.domaine-girard.com\/wp-content\/uploads\/2024\/01\/Puligny-1er-Cru-la-Garenne-scaled.jpg\",\"datePublished\":\"2024-01-18T14:33:06+00:00\",\"dateModified\":\"2025-01-13T10:26:16+00:00\",\"breadcrumb\":{\"@id\":\"https:\/\/www.domaine-girard.com\/produit\/puligny-montrachet-1er-cru-les-referts\/#breadcrumb\"},\"inLanguage\":\"en-US\",\"potentialAction\":[{\"@type\":\"ReadAction\",\"target\":[\"https:\/\/www.domaine-girard.com\/produit\/puligny-montrachet-1er-cru-les-referts\/\"]}]},{\"@type\":\"ImageObject\",\"inLanguage\":\"en-US\",\"@id\":\"https:\/\/www.domaine-girard.com\/produit\/puligny-montrachet-1er-cru-les-referts\/#primaryimage\",\"url\":\"https:\/\/www.domaine-girard.com\/wp-content\/uploads\/2024\/01\/Puligny-1er-Cru-la-Garenne-scaled.jpg\",\"contentUrl\":\"https:\/\/www.domaine-girard.com\/wp-content\/uploads\/2024\/01\/Puligny-1er-Cru-la-Garenne-scaled.jpg\",\"width\":1706,\"height\":2560},{\"@type\":\"BreadcrumbList\",\"@id\":\"https:\/\/www.domaine-girard.com\/produit\/puligny-montrachet-1er-cru-les-referts\/#breadcrumb\",\"itemListElement\":[{\"@type\":\"ListItem\",\"position\":1,\"name\":\"Home\",\"item\":\"https:\/\/www.domaine-girard.com\/en\/home\/\"},{\"@type\":\"ListItem\",\"position\":2,\"name\":\"Store\",\"item\":\"https:\/\/www.domaine-girard.com\/en\/shop\/\"},{\"@type\":\"ListItem\",\"position\":3,\"name\":\"Puligny Montrachet 1er Cru \u00ab\u00a0La Garenne\u00a0\u00bb\"}]},{\"@type\":\"WebSite\",\"@id\":\"https:\/\/www.domaine-girard.com\/#website\",\"url\":\"https:\/\/www.domaine-girard.com\/\",\"name\":\"Domaine Jean Jacques Girard\",\"description\":\"Grands Vins de Bourgogne\",\"publisher\":{\"@id\":\"https:\/\/www.domaine-girard.com\/#organization\"},\"potentialAction\":[{\"@type\":\"SearchAction\",\"target\":{\"@type\":\"EntryPoint\",\"urlTemplate\":\"https:\/\/www.domaine-girard.com\/?s={search_term_string}\"},\"query-input\":{\"@type\":\"PropertyValueSpecification\",\"valueRequired\":true,\"valueName\":\"search_term_string\"}}],\"inLanguage\":\"en-US\"},{\"@type\":\"Organization\",\"@id\":\"https:\/\/www.domaine-girard.com\/#organization\",\"name\":\"Domaine Girard\",\"url\":\"https:\/\/www.domaine-girard.com\/\",\"logo\":{\"@type\":\"ImageObject\",\"inLanguage\":\"en-US\",\"@id\":\"https:\/\/www.domaine-girard.com\/#\/schema\/logo\/image\/\",\"url\":\"https:\/\/www.domaine-girard.com\/wp-content\/uploads\/2021\/09\/logo-sticky.png\",\"contentUrl\":\"https:\/\/www.domaine-girard.com\/wp-content\/uploads\/2021\/09\/logo-sticky.png\",\"width\":85,\"height\":100,\"caption\":\"Domaine Girard\"},\"image\":{\"@id\":\"https:\/\/www.domaine-girard.com\/#\/schema\/logo\/image\/\"},\"sameAs\":[\"https:\/\/www.facebook.com\/domainejeanjacquesgirard\/\"]}]}<\/script>\n<!-- \/ Yoast SEO plugin. -->","yoast_head_json":{"title":"Puligny Montrachet 1er Cru \"La Garenne\" - Domaine Jean Jacques Girard","robots":{"index":"index","follow":"follow","max-snippet":"max-snippet:-1","max-image-preview":"max-image-preview:large","max-video-preview":"max-video-preview:-1"},"canonical":"https:\/\/www.domaine-girard.com\/produit\/puligny-montrachet-1er-cru-les-referts\/","og_locale":"en_US","og_type":"article","og_title":"Puligny Montrachet 1er Cru \"La Garenne\" - Domaine Jean Jacques Girard","og_description":"Robe dor\u00e9e et brillante, notre Puligny Montrachet d\u00e9voile un nez aux notes de p\u00e2te d\u2019amande et de vanille.  Sa bouche, ample et ronde, offre des ar\u00f4mes de p\u00eache blanche.  Belle persistance, il offre une bouche pleine et \u00e9quilibr\u00e9 entre l\u2019onctuosit\u00e9 et la tension min\u00e9rale.","og_url":"https:\/\/www.domaine-girard.com\/produit\/puligny-montrachet-1er-cru-les-referts\/","og_site_name":"Domaine Jean Jacques Girard","article_publisher":"https:\/\/www.facebook.com\/domainejeanjacquesgirard\/","article_modified_time":"2025-01-13T10:26:16+00:00","og_image":[{"width":1706,"height":2560,"url":"https:\/\/www.domaine-girard.com\/wp-content\/uploads\/2024\/01\/Puligny-1er-Cru-la-Garenne-scaled.jpg","type":"image\/jpeg"}],"twitter_card":"summary_large_image","schema":{"@context":"https:\/\/schema.org","@graph":[{"@type":"WebPage","@id":"https:\/\/www.domaine-girard.com\/produit\/puligny-montrachet-1er-cru-les-referts\/","url":"https:\/\/www.domaine-girard.com\/produit\/puligny-montrachet-1er-cru-les-referts\/","name":"Puligny Montrachet 1er Cru \"La Garenne\" - Domaine Jean Jacques Girard","isPartOf":{"@id":"https:\/\/www.domaine-girard.com\/#website"},"primaryImageOfPage":{"@id":"https:\/\/www.domaine-girard.com\/produit\/puligny-montrachet-1er-cru-les-referts\/#primaryimage"},"image":{"@id":"https:\/\/www.domaine-girard.com\/produit\/puligny-montrachet-1er-cru-les-referts\/#primaryimage"},"thumbnailUrl":"https:\/\/www.domaine-girard.com\/wp-content\/uploads\/2024\/01\/Puligny-1er-Cru-la-Garenne-scaled.jpg","datePublished":"2024-01-18T14:33:06+00:00","dateModified":"2025-01-13T10:26:16+00:00","breadcrumb":{"@id":"https:\/\/www.domaine-girard.com\/produit\/puligny-montrachet-1er-cru-les-referts\/#breadcrumb"},"inLanguage":"en-US","potentialAction":[{"@type":"ReadAction","target":["https:\/\/www.domaine-girard.com\/produit\/puligny-montrachet-1er-cru-les-referts\/"]}]},{"@type":"ImageObject","inLanguage":"en-US","@id":"https:\/\/www.domaine-girard.com\/produit\/puligny-montrachet-1er-cru-les-referts\/#primaryimage","url":"https:\/\/www.domaine-girard.com\/wp-content\/uploads\/2024\/01\/Puligny-1er-Cru-la-Garenne-scaled.jpg","contentUrl":"https:\/\/www.domaine-girard.com\/wp-content\/uploads\/2024\/01\/Puligny-1er-Cru-la-Garenne-scaled.jpg","width":1706,"height":2560},{"@type":"BreadcrumbList","@id":"https:\/\/www.domaine-girard.com\/produit\/puligny-montrachet-1er-cru-les-referts\/#breadcrumb","itemListElement":[{"@type":"ListItem","position":1,"name":"Home","item":"https:\/\/www.domaine-girard.com\/en\/home\/"},{"@type":"ListItem","position":2,"name":"Store","item":"https:\/\/www.domaine-girard.com\/en\/shop\/"},{"@type":"ListItem","position":3,"name":"Puligny Montrachet 1er Cru \u00ab\u00a0La Garenne\u00a0\u00bb"}]},{"@type":"WebSite","@id":"https:\/\/www.domaine-girard.com\/#website","url":"https:\/\/www.domaine-girard.com\/","name":"Domaine Jean Jacques Girard","description":"Grands Vins de Bourgogne","publisher":{"@id":"https:\/\/www.domaine-girard.com\/#organization"},"potentialAction":[{"@type":"SearchAction","target":{"@type":"EntryPoint","urlTemplate":"https:\/\/www.domaine-girard.com\/?s={search_term_string}"},"query-input":{"@type":"PropertyValueSpecification","valueRequired":true,"valueName":"search_term_string"}}],"inLanguage":"en-US"},{"@type":"Organization","@id":"https:\/\/www.domaine-girard.com\/#organization","name":"Domaine Girard","url":"https:\/\/www.domaine-girard.com\/","logo":{"@type":"ImageObject","inLanguage":"en-US","@id":"https:\/\/www.domaine-girard.com\/#\/schema\/logo\/image\/","url":"https:\/\/www.domaine-girard.com\/wp-content\/uploads\/2021\/09\/logo-sticky.png","contentUrl":"https:\/\/www.domaine-girard.com\/wp-content\/uploads\/2021\/09\/logo-sticky.png","width":85,"height":100,"caption":"Domaine Girard"},"image":{"@id":"https:\/\/www.domaine-girard.com\/#\/schema\/logo\/image\/"},"sameAs":["https:\/\/www.facebook.com\/domainejeanjacquesgirard\/"]}]}},"_links":{"self":[{"href":"https:\/\/www.domaine-girard.com\/en\/wp-json\/wp\/v2\/product\/2786","targetHints":{"allow":["GET"]}}],"collection":[{"href":"https:\/\/www.domaine-girard.com\/en\/wp-json\/wp\/v2\/product"}],"about":[{"href":"https:\/\/www.domaine-girard.com\/en\/wp-json\/wp\/v2\/types\/product"}],"wp:featuredmedia":[{"embeddable":true,"href":"https:\/\/www.domaine-girard.com\/en\/wp-json\/wp\/v2\/media\/3059"}],"wp:attachment":[{"href":"https:\/\/www.domaine-girard.com\/en\/wp-json\/wp\/v2\/media?parent=2786"}],"wp:term":[{"taxonomy":"product_brand","embeddable":true,"href":"https:\/\/www.domaine-girard.com\/en\/wp-json\/wp\/v2\/product_brand?post=2786"},{"taxonomy":"product_cat","embeddable":true,"href":"https:\/\/www.domaine-girard.com\/en\/wp-json\/wp\/v2\/product_cat?post=2786"},{"taxonomy":"product_tag","embeddable":true,"href":"https:\/\/www.domaine-girard.com\/en\/wp-json\/wp\/v2\/product_tag?post=2786"}],"curies":[{"name":"wp","href":"https:\/\/api.w.org\/{rel}","templated":true}]}}