{"id":1351,"date":"2018-02-12T11:49:41","date_gmt":"2018-02-12T10:49:41","guid":{"rendered":"https:\/\/www.domaine-girard.com\/legal-notice\/"},"modified":"2018-08-09T16:59:18","modified_gmt":"2018-08-09T14:59:18","slug":"legal-notice","status":"publish","type":"page","link":"https:\/\/www.domaine-girard.com\/en\/legal-notice\/","title":{"rendered":"Legal Notice"},"content":{"rendered":"<div class=\"post-content\">\n<div class=\"fusion-text\">\n<h1 class=\"western\" data-fontsize=\"60\" data-lineheight=\"70\">Mentions L\u00e9gales<\/h1>\n<h2 data-fontsize=\"26\" data-lineheight=\"43\">Pr\u00e9ambule<\/h2>\n<p>Les pr\u00e9sentes Conditions G\u00e9n\u00e9rales d\u2019utilisation d\u00e9terminent les r\u00e8gles d\u2019acc\u00e8s au site www.domaine-girard-beaune.fr<br \/>\nLe site www.domaine-girard-beaune.fr et ses conditions d\u2019utilisation que l\u2019utilisateur reconna\u00eet accepter, sans r\u00e9serve, du seul fait de sa connexion au site. Des conditions particuli\u00e8res d\u00e9terminent les r\u00e8gles d\u2019utilisation des espaces mis \u00e0 sa disposition. L\u2019utilisateur ne saurait se pr\u00e9valoir d\u2019aucune difficult\u00e9 d\u2019acc\u00e8s au site et des pr\u00e9sentes Conditions G\u00e9n\u00e9rales d\u2019utilisation.<\/p>\n<h2 data-fontsize=\"26\" data-lineheight=\"43\">L\u2019\u00e9diteur du site<\/h2>\n<p>Domaine Girard<br \/>\n16 rue de Citeaux<br \/>\n21420 Savigny les Beaune<br \/>\nCourriel : <a href=\"mailto:contact@domaine-girard.com\">contact@domaine-girard.com<\/a><br \/>\nSARL unipersonnelle au capital de 7 622,45\u20ac<br \/>\nSiret : 417 608 056 00012<br \/>\nResponsable de la publication : M GIRARD<\/p>\n<h2 data-fontsize=\"26\" data-lineheight=\"43\">Le fournisseur d\u2019h\u00e9bergement<\/h2>\n<p><a href=\"http:\/\/www.ovh.com\/\" target=\"_blank\" rel=\"noopener\">OVH<\/a><br \/>\nRCS Roubaix \u2013 Tourcoing<br \/>\nSiret : 424 761 419 00011<br \/>\nCode APE 721Z<br \/>\nN\u00b0 TVA : FR 22-424-761-419-00011<\/p>\n<h2 data-fontsize=\"26\" data-lineheight=\"43\">Administrateur du site<\/h2>\n<p>Visicod Communication<br \/>\n1 all\u00e9e de la Sinotte<br \/>\n89000 Saint Georges sur Baulche<br \/>\n<a href=\"http:\/\/www.visicod.com\">http:\/\/www.visicod.com<\/a><br \/>\nL\u2019administrateur du site garantit le bon fonctionnement de celui-ci et veille \u00e0 sa s\u00e9curit\u00e9. Il entre dans sa mission de faciliter l\u2019application des pr\u00e9sentes Condition G\u00e9n\u00e9rales d\u2019utilisation.<br \/>\nPour toute information, vous pouvez nous contacter \u00e0 l\u2019adresse suivante <strong><a href=\"mailto:contact@visicod.com\">contact@visicod.com<\/a><\/strong>.<\/p>\n<h2 data-fontsize=\"26\" data-lineheight=\"43\">Propri\u00e9t\u00e9 intellectuelle<\/h2>\n<p>En application de la loi, toute reproduction partielle ou totale est strictement interdite sans autorisation de Visicod Communication. Les logos, visuels et marques pr\u00e9sents sur ce site sont la propri\u00e9t\u00e9 de leurs d\u00e9tenteurs respectifs.<br \/>\nArticle L 3335-2 et suivant du code de la propri\u00e9t\u00e9 intellectuelle.<br \/>\nPour toute information compl\u00e9mentaire contactez nous e-mail<strong> <a href=\"mailto:contact@visicod.com\">contact@visicod.com<\/a><\/strong><\/p>\n<h2 data-fontsize=\"26\" data-lineheight=\"43\">L\u2019utilisateur<\/h2>\n<p>Toute personne ayant acc\u00e8s au site, quels que soient le lieu o\u00f9 elle se trouve, les modalit\u00e9s de connexion au site, l\u2019objet et la finalit\u00e9 de son acc\u00e8s \u00e0 l\u2019information publi\u00e9e sur le site, sa qualit\u00e9 est un utilisateur du site.<br \/>\nL\u2019utilisateur est inform\u00e9 des risques inh\u00e9rents \u00e0 Internet, en aucun cas l\u2019\u00e9diteur ne saurait \u00eatre tenu responsable de ces risques et de leurs cons\u00e9quences pr\u00e9judiciables quelle qu\u2019en soit l\u2019\u00e9tendue pour l\u2019utilisateur. Il appartient \u00e0 chaque utilisateur de prendre toutes les mesures appropri\u00e9es de fa\u00e7on \u00e0 prot\u00e9ger ses propres donn\u00e9es.<\/p>\n<h2 data-fontsize=\"26\" data-lineheight=\"43\">Utilisation<\/h2>\n<p>Le site et les informations qui y sont publi\u00e9es sont r\u00e9serv\u00e9s \u00e0 la consultation.<br \/>\nCe site peut \u00e0 son insu avoir \u00e9t\u00e9 reli\u00e9 \u00e0 d\u2019autres sites par le biais de liens hypertextes. Visicod Communication d\u00e9cline toute responsabilit\u00e9 pour les informations pr\u00e9sent\u00e9es sur ces autres sites.<br \/>\nLa cr\u00e9ation de liens point\u00e9s exclusivement vers la page d\u2019accueil du site est tol\u00e9r\u00e9e dans la mesure o\u00f9 ils ne peuvent s\u2019ouvrir que sur une nouvelle fen\u00eatre du navigateur. En tout \u00e9tat de cause, l\u2019\u00e9diteur se r\u00e9serve le droit de mettre fin \u00e0 cette tol\u00e9rance \u00e0 tout moment s\u2019il lui para\u00eet que le lien \u00e9tabli avec le site est de nature \u00e0 porter atteinte \u00e0 l\u2019int\u00e9r\u00eat de ce dernier.<br \/>\nToute autre utilisation est INTERDITE.<br \/>\nTout utilisateur qui agit en fraude des pr\u00e9sentes Conditions G\u00e9n\u00e9rales d\u2019utilisation s\u2019expose \u00e0 des poursuites civiles et p\u00e9nales. Des proc\u00e9dures p\u00e9nales pourront \u00eatre engag\u00e9es par l\u2019\u00e9diteur contre l\u2019utilisateur.<\/p>\n<h2 data-fontsize=\"26\" data-lineheight=\"43\">Donn\u00e9es personnelles<\/h2>\n<p>En application des dispositions de la loi n\u00b0 78-17 du 6 janvier 1978 dite &lt;&lt; informatique et libert\u00e9 &gt; modifi\u00e9e, toute personne physique dispose des droits d\u2019acc\u00e8s, de modification, de rectification et suppression des donn\u00e9es la concernant. L\u2019exercice de ces droits s\u2019effectue \u00e0 tout moment par la voie postale ou \u00e9lectronique \u00e0 l\u2019adresse suivante : contact@visicod.com (poste et mail)PRECISER ADRESSE MAIL ET LE SITE CONCERNE Toute utilisation du site est enregistr\u00e9e. L\u2019utilisateur est inform\u00e9 et prend acte de la facult\u00e9 laiss\u00e9e \u00e0 l\u2019\u00e9diteur de mettre en place des collecteurs automatis\u00e9s de donn\u00e9es (cookies) afin d\u2019identifier l\u2019utilisateur et ses visites sur le site et de fournir \u00e0 chaque utilisateur des fonctionnalit\u00e9s adapt\u00e9es au mieux \u00e0 ses besoins. Dans certains cas, l\u2019utilisateur peut \u00eatre amen\u00e9 \u00e0 fournir des donn\u00e9es \u00e0 caract\u00e8re personnel \u00e0 des fins statistiques ou de prospection directe pour des produits ou services de l\u2019\u00e9diteur. L\u2019utilisateur peut avoir acc\u00e8s \u00e0 ces donn\u00e9es personnelles et peut s\u2019opposer gratuitement \u00e0 ces utilisations en \u00e9crivant \u00e0 l\u2019adresse indiqu\u00e9e ci-dessus.<br \/>\nToute cession \u00e0 des tiers de ces donn\u00e9es sera soumise au pr\u00e9alable \u00e0 l\u2019accord de l\u2019utilisateur. L\u2019\u00e9diteur du site s\u2019engage \u00e0 prendre des pr\u00e9cautions techniques reconnues afin de pr\u00e9server la s\u00e9curit\u00e9 des donn\u00e9es personnelles de l\u2019utilisateur afin notamment qu\u2019elle ne soit pas endommag\u00e9es, d\u00e9form\u00e9es ou communiqu\u00e9es \u00e0 des tiers non autoris\u00e9s.<\/p>\n<h2 data-fontsize=\"26\" data-lineheight=\"43\">R\u00e8glement Europ\u00e9en sur la Protection des Donn\u00e9es<\/h2>\n<h2 data-fontsize=\"26\" data-lineheight=\"43\">Finalit\u00e9s et modalit\u00e9s du traitement des donn\u00e9es \u00e0 caract\u00e8re personnel<\/h2>\n<p>Les donn\u00e9es \u00e0 caract\u00e8re personnel que vous avez fournies (\u00ab Donn\u00e9es \u00bb) feront l\u2019objet d\u2019un traitement pour les finalit\u00e9s suivantes :<\/p>\n<ul>\n<li>fournir le service demand\u00e9 selon l\u2019accord conclu entre Visicod et vous-m\u00eame;<\/li>\n<li>autoriser la Soci\u00e9t\u00e9 \u00e0 r\u00e9aliser des enqu\u00eates de satisfaction clients concernant la qualit\u00e9 des biens et services de la Soci\u00e9t\u00e9 en fonction de ses int\u00e9r\u00eats l\u00e9gitimes;<\/li>\n<li>avec votre consentement expr\u00e8s, envoyer des communications commerciales et des publicit\u00e9s concernant les produits et les services de la Soci\u00e9t\u00e9 ;<\/li>\n<li>avec votre consentement, r\u00e9aliser une analyse de vos comportements, habitudes et tendances de consommation afin d\u2019am\u00e9liorer les produits et services fournis par la Soci\u00e9t\u00e9 ainsi que pour satisfaire vos attentes ;<\/li>\n<\/ul>\n<p>Les Donn\u00e9es seront trait\u00e9es sous format papier, automatis\u00e9 ou \u00e9lectronique, et notamment par courrier postal ou \u00e9lectronique, par t\u00e9l\u00e9phone, par t\u00e9l\u00e9copie et par tout autre moyen (par exemple : sites web, applications mobiles).<\/p>\n<h2 data-fontsize=\"26\" data-lineheight=\"43\">Destinataires des donn\u00e9es<\/h2>\n<p>Les Donn\u00e9es peuvent \u00eatre trait\u00e9es par des personnes physiques et\/ou morales, agissant au nom de la Soci\u00e9t\u00e9 et dans le cadre d\u2019obligations contractuelles sp\u00e9cifiques, bas\u00e9es dans des \u00c9tats Membres de l\u2019UE ou dans des pays hors de l\u2019UE.<br \/>\nLes Donn\u00e9es peuvent \u00eatre communiqu\u00e9es \u00e0 des tiers pour se conformer \u00e0 des obligations l\u00e9gales, pour ex\u00e9cuter des ordres \u00e9manant d\u2019Autorit\u00e9s Publiques ou pour faire valoir un droit de la Soci\u00e9t\u00e9 devant les autorit\u00e9s judiciaires.<\/p>\n<h2 data-fontsize=\"26\" data-lineheight=\"43\">Conservation des donn\u00e9es<\/h2>\n<p>Les Donn\u00e9es trait\u00e9es pour fournir le Service et la Satisfaction Client seront conserv\u00e9es par la Soci\u00e9t\u00e9 pendant la p\u00e9riode consid\u00e9r\u00e9e comme strictement n\u00e9cessaire au regard de telles finalit\u00e9s. Concernant les Donn\u00e9es trait\u00e9es pour la fourniture du Service, la Soci\u00e9t\u00e9 peut continuer \u00e0 stocker ces Donn\u00e9es pour une p\u00e9riode plus longue, ce qui peut \u00eatre n\u00e9cessaire pour prot\u00e9ger les int\u00e9r\u00eats de la Soci\u00e9t\u00e9 dans le cadre d\u2019une \u00e9ventuelle responsabilit\u00e9 li\u00e9e \u00e0 la fourniture du Service.<br \/>\nLes Donn\u00e9es trait\u00e9es \u00e0 des fins de Marketing et de Profilage seront conserv\u00e9es par la Soci\u00e9t\u00e9 \u00e0 partir du moment o\u00f9 vous donnez votre consentement jusqu\u2019au moment o\u00f9 vous le retirez. Une fois le consentement retir\u00e9, les Donn\u00e9es ne seront plus utilis\u00e9es \u00e0 ces fins, bien qu\u2019elles puissent \u00eatre conserv\u00e9es par la Soci\u00e9t\u00e9, notamment afin de prot\u00e9ger les int\u00e9r\u00eats de la Soci\u00e9t\u00e9 dans le cadre d\u2019une \u00e9ventuelle responsabilit\u00e9 relative \u00e0 ce traitement, \u00e0 moins que des pr\u00e9cisions suppl\u00e9mentaires ne soient fournies par l\u2019Autorit\u00e9 de Contr\u00f4le \u00e0 cet \u00e9gard.<\/p>\n<h2 data-fontsize=\"26\" data-lineheight=\"43\">Vos droits<\/h2>\n<p>Vous pouvez exercer les droits suivants:<\/p>\n<ul>\n<li>droit d\u2019acc\u00e8s signifie le droit d\u2019obtenir de la Soci\u00e9t\u00e9 la confirmation que vos Donn\u00e9es sont ou ne sont pas trait\u00e9es et, lorsqu\u2019elles le sont, l\u2019acc\u00e8s auxdites Donn\u00e9es;<\/li>\n<li>droit de rectification et droit \u00e0 l\u2019effacement signifie le droit d\u2019obtenir la rectification de Donn\u00e9es inexactes et \/ ou incompl\u00e8tes, ainsi que l\u2019effacement de Donn\u00e9es lorsque la demande est l\u00e9gitime;<\/li>\n<li>droit \u00e0 la limitation du traitement signifie le droit de demander la suspension du traitement lorsque la demande est l\u00e9gitime;<\/li>\n<li>droit \u00e0 la portabilit\u00e9 des donn\u00e9es signifie le droit d\u2019obtenir des Donn\u00e9es dans un format structur\u00e9, couramment utilis\u00e9 et lisible, ainsi que le droit de transf\u00e9rer des Donn\u00e9es \u00e0 d\u2019autres responsables de traitement;<\/li>\n<li>droit d\u2019opposition signifie le droit de s\u2019opposer au traitement des Donn\u00e9es lorsque la demande est l\u00e9gitime, y compris lorsque les Donn\u00e9es sont trait\u00e9es pour le marketing ou le profilage, le cas \u00e9ch\u00e9ant;<\/li>\n<li>droit d\u2019introduire une r\u00e9clamation aupr\u00e8s d\u2019une autorit\u00e9 de contr\u00f4le en cas de traitement ill\u00e9gal des Donn\u00e9es.<\/li>\n<\/ul>\n<p>Pour toute information concernant vos droits et\/ou donn\u00e9es personnelles, vous pouvez contacter notre DPO sur l\u2019adresse mail d\u00e9di\u00e9e : rgpd@visicod.com<\/p>\n<h2 data-fontsize=\"26\" data-lineheight=\"43\">Informations suppl\u00e9mentaires sur les cookies<\/h2>\n<p>Pour en savoir plus sur les cookies, nous vous invitons \u00e0 consulter la page de la CNIL :<br \/>\nhttp:\/\/www.cnil.fr\/vos-libertes\/vos-traces\/les-cookies\/<\/p>\n<h2 data-fontsize=\"26\" data-lineheight=\"43\">Modification des conditions g\u00e9n\u00e9rales d\u2019utilisation<\/h2>\n<p>L\u2019\u00e9diteur peut \u00e0 tout moment modifier les Conditions G\u00e9n\u00e9rales d\u2019utilisation, il est recommand\u00e9 \u00e0 l\u2019utilisateur de les consulter r\u00e9guli\u00e8rement. Ces modifications engagent l\u2019utilisateur d\u00e8s leur mise en ligne.<\/p>\n<h2 data-fontsize=\"26\" data-lineheight=\"43\">R\u00e9clamations<\/h2>\n<p>Toutes r\u00e9clamations de l\u2019utilisateur pour \u00eatre prises en compte devront \u00eatre adress\u00e9es \u00e0 l\u2019\u00e9diteur par voie postale uniquement sous forme de lettre recommand\u00e9e avec accus\u00e9 de r\u00e9ception \u00e0 l\u2019adresse ci-dessus.<\/p>\n<h2 data-fontsize=\"26\" data-lineheight=\"43\">Droit applicable<\/h2>\n<p>Les pr\u00e9sentes Conditions G\u00e9n\u00e9rales d\u2019utilisation sont soumises \u00e0 la loi Fran\u00e7aise.<\/p>\n<\/div>\n<\/div>\n","protected":false},"excerpt":{"rendered":"<p>Mentions L\u00e9gales Pr\u00e9ambule Les pr\u00e9sentes Conditions G\u00e9n\u00e9rales d\u2019utilisation d\u00e9terminent les r\u00e8gles d\u2019acc\u00e8s au site www.domaine-girard-beaune.fr Le site www.domaine-girard-beaune.fr et ses conditions d\u2019utilisation que l\u2019utilisateur reconna\u00eet accepter, sans r\u00e9serve, du seul fait de sa connexion au site. Des conditions particuli\u00e8res d\u00e9terminent les r\u00e8gles d\u2019utilisation des espaces mis \u00e0 sa disposition. L\u2019utilisateur ne saurait se pr\u00e9valoir d\u2019aucune<br class=\"read-more-spacer\"> <a class=\"more-link\" href=\"https:\/\/www.domaine-girard.com\/en\/legal-notice\/\">Read More<\/a><\/p>\n","protected":false},"author":1,"featured_media":0,"parent":0,"menu_order":0,"comment_status":"closed","ping_status":"closed","template":"","meta":{"_acf_changed":false,"footnotes":""},"class_list":["post-1351","page","type-page","status-publish","hentry"],"acf":[],"yoast_head":"<!-- This site is optimized with the Yoast SEO plugin v25.2 - https:\/\/yoast.com\/wordpress\/plugins\/seo\/ -->\n<title>Legal Notice - Domaine Jean Jacques Girard<\/title>\n<meta name=\"robots\" content=\"index, follow, max-snippet:-1, max-image-preview:large, max-video-preview:-1\" \/>\n<link rel=\"canonical\" href=\"https:\/\/www.domaine-girard.com\/en\/legal-notice\/\" \/>\n<meta property=\"og:locale\" content=\"en_US\" \/>\n<meta property=\"og:type\" content=\"article\" \/>\n<meta property=\"og:title\" content=\"Legal Notice - Domaine Jean Jacques Girard\" \/>\n<meta property=\"og:description\" content=\"Mentions L\u00e9gales Pr\u00e9ambule Les pr\u00e9sentes Conditions G\u00e9n\u00e9rales d\u2019utilisation d\u00e9terminent les r\u00e8gles d\u2019acc\u00e8s au site www.domaine-girard-beaune.fr Le site www.domaine-girard-beaune.fr et ses conditions d\u2019utilisation que l\u2019utilisateur reconna\u00eet accepter, sans r\u00e9serve, du seul fait de sa connexion au site. Des conditions particuli\u00e8res d\u00e9terminent les r\u00e8gles d\u2019utilisation des espaces mis \u00e0 sa disposition. L\u2019utilisateur ne saurait se pr\u00e9valoir d\u2019aucune Read More\" \/>\n<meta property=\"og:url\" content=\"https:\/\/www.domaine-girard.com\/en\/legal-notice\/\" \/>\n<meta property=\"og:site_name\" content=\"Domaine Jean Jacques Girard\" \/>\n<meta property=\"article:publisher\" content=\"https:\/\/www.facebook.com\/domainejeanjacquesgirard\/\" \/>\n<meta property=\"article:modified_time\" content=\"2018-08-09T14:59:18+00:00\" \/>\n<meta name=\"twitter:card\" content=\"summary_large_image\" \/>\n<script type=\"application\/ld+json\" class=\"yoast-schema-graph\">{\"@context\":\"https:\/\/schema.org\",\"@graph\":[{\"@type\":\"WebPage\",\"@id\":\"https:\/\/www.domaine-girard.com\/en\/legal-notice\/\",\"url\":\"https:\/\/www.domaine-girard.com\/en\/legal-notice\/\",\"name\":\"Legal Notice - Domaine Jean Jacques Girard\",\"isPartOf\":{\"@id\":\"https:\/\/www.domaine-girard.com\/#website\"},\"datePublished\":\"2018-02-12T10:49:41+00:00\",\"dateModified\":\"2018-08-09T14:59:18+00:00\",\"breadcrumb\":{\"@id\":\"https:\/\/www.domaine-girard.com\/en\/legal-notice\/#breadcrumb\"},\"inLanguage\":\"en-US\",\"potentialAction\":[{\"@type\":\"ReadAction\",\"target\":[\"https:\/\/www.domaine-girard.com\/en\/legal-notice\/\"]}]},{\"@type\":\"BreadcrumbList\",\"@id\":\"https:\/\/www.domaine-girard.com\/en\/legal-notice\/#breadcrumb\",\"itemListElement\":[{\"@type\":\"ListItem\",\"position\":1,\"name\":\"Home\",\"item\":\"https:\/\/www.domaine-girard.com\/en\/home\/\"},{\"@type\":\"ListItem\",\"position\":2,\"name\":\"Legal Notice\"}]},{\"@type\":\"WebSite\",\"@id\":\"https:\/\/www.domaine-girard.com\/#website\",\"url\":\"https:\/\/www.domaine-girard.com\/\",\"name\":\"Domaine Jean Jacques Girard\",\"description\":\"Grands Vins de Bourgogne\",\"publisher\":{\"@id\":\"https:\/\/www.domaine-girard.com\/#organization\"},\"potentialAction\":[{\"@type\":\"SearchAction\",\"target\":{\"@type\":\"EntryPoint\",\"urlTemplate\":\"https:\/\/www.domaine-girard.com\/?s={search_term_string}\"},\"query-input\":{\"@type\":\"PropertyValueSpecification\",\"valueRequired\":true,\"valueName\":\"search_term_string\"}}],\"inLanguage\":\"en-US\"},{\"@type\":\"Organization\",\"@id\":\"https:\/\/www.domaine-girard.com\/#organization\",\"name\":\"Domaine Girard\",\"url\":\"https:\/\/www.domaine-girard.com\/\",\"logo\":{\"@type\":\"ImageObject\",\"inLanguage\":\"en-US\",\"@id\":\"https:\/\/www.domaine-girard.com\/#\/schema\/logo\/image\/\",\"url\":\"https:\/\/www.domaine-girard.com\/wp-content\/uploads\/2021\/09\/logo-sticky.png\",\"contentUrl\":\"https:\/\/www.domaine-girard.com\/wp-content\/uploads\/2021\/09\/logo-sticky.png\",\"width\":85,\"height\":100,\"caption\":\"Domaine Girard\"},\"image\":{\"@id\":\"https:\/\/www.domaine-girard.com\/#\/schema\/logo\/image\/\"},\"sameAs\":[\"https:\/\/www.facebook.com\/domainejeanjacquesgirard\/\"]}]}<\/script>\n<!-- \/ Yoast SEO plugin. -->","yoast_head_json":{"title":"Legal Notice - Domaine Jean Jacques Girard","robots":{"index":"index","follow":"follow","max-snippet":"max-snippet:-1","max-image-preview":"max-image-preview:large","max-video-preview":"max-video-preview:-1"},"canonical":"https:\/\/www.domaine-girard.com\/en\/legal-notice\/","og_locale":"en_US","og_type":"article","og_title":"Legal Notice - Domaine Jean Jacques Girard","og_description":"Mentions L\u00e9gales Pr\u00e9ambule Les pr\u00e9sentes Conditions G\u00e9n\u00e9rales d\u2019utilisation d\u00e9terminent les r\u00e8gles d\u2019acc\u00e8s au site www.domaine-girard-beaune.fr Le site www.domaine-girard-beaune.fr et ses conditions d\u2019utilisation que l\u2019utilisateur reconna\u00eet accepter, sans r\u00e9serve, du seul fait de sa connexion au site. Des conditions particuli\u00e8res d\u00e9terminent les r\u00e8gles d\u2019utilisation des espaces mis \u00e0 sa disposition. L\u2019utilisateur ne saurait se pr\u00e9valoir d\u2019aucune Read More","og_url":"https:\/\/www.domaine-girard.com\/en\/legal-notice\/","og_site_name":"Domaine Jean Jacques Girard","article_publisher":"https:\/\/www.facebook.com\/domainejeanjacquesgirard\/","article_modified_time":"2018-08-09T14:59:18+00:00","twitter_card":"summary_large_image","schema":{"@context":"https:\/\/schema.org","@graph":[{"@type":"WebPage","@id":"https:\/\/www.domaine-girard.com\/en\/legal-notice\/","url":"https:\/\/www.domaine-girard.com\/en\/legal-notice\/","name":"Legal Notice - Domaine Jean Jacques Girard","isPartOf":{"@id":"https:\/\/www.domaine-girard.com\/#website"},"datePublished":"2018-02-12T10:49:41+00:00","dateModified":"2018-08-09T14:59:18+00:00","breadcrumb":{"@id":"https:\/\/www.domaine-girard.com\/en\/legal-notice\/#breadcrumb"},"inLanguage":"en-US","potentialAction":[{"@type":"ReadAction","target":["https:\/\/www.domaine-girard.com\/en\/legal-notice\/"]}]},{"@type":"BreadcrumbList","@id":"https:\/\/www.domaine-girard.com\/en\/legal-notice\/#breadcrumb","itemListElement":[{"@type":"ListItem","position":1,"name":"Home","item":"https:\/\/www.domaine-girard.com\/en\/home\/"},{"@type":"ListItem","position":2,"name":"Legal Notice"}]},{"@type":"WebSite","@id":"https:\/\/www.domaine-girard.com\/#website","url":"https:\/\/www.domaine-girard.com\/","name":"Domaine Jean Jacques Girard","description":"Grands Vins de Bourgogne","publisher":{"@id":"https:\/\/www.domaine-girard.com\/#organization"},"potentialAction":[{"@type":"SearchAction","target":{"@type":"EntryPoint","urlTemplate":"https:\/\/www.domaine-girard.com\/?s={search_term_string}"},"query-input":{"@type":"PropertyValueSpecification","valueRequired":true,"valueName":"search_term_string"}}],"inLanguage":"en-US"},{"@type":"Organization","@id":"https:\/\/www.domaine-girard.com\/#organization","name":"Domaine Girard","url":"https:\/\/www.domaine-girard.com\/","logo":{"@type":"ImageObject","inLanguage":"en-US","@id":"https:\/\/www.domaine-girard.com\/#\/schema\/logo\/image\/","url":"https:\/\/www.domaine-girard.com\/wp-content\/uploads\/2021\/09\/logo-sticky.png","contentUrl":"https:\/\/www.domaine-girard.com\/wp-content\/uploads\/2021\/09\/logo-sticky.png","width":85,"height":100,"caption":"Domaine Girard"},"image":{"@id":"https:\/\/www.domaine-girard.com\/#\/schema\/logo\/image\/"},"sameAs":["https:\/\/www.facebook.com\/domainejeanjacquesgirard\/"]}]}},"_links":{"self":[{"href":"https:\/\/www.domaine-girard.com\/en\/wp-json\/wp\/v2\/pages\/1351","targetHints":{"allow":["GET"]}}],"collection":[{"href":"https:\/\/www.domaine-girard.com\/en\/wp-json\/wp\/v2\/pages"}],"about":[{"href":"https:\/\/www.domaine-girard.com\/en\/wp-json\/wp\/v2\/types\/page"}],"author":[{"embeddable":true,"href":"https:\/\/www.domaine-girard.com\/en\/wp-json\/wp\/v2\/users\/1"}],"replies":[{"embeddable":true,"href":"https:\/\/www.domaine-girard.com\/en\/wp-json\/wp\/v2\/comments?post=1351"}],"version-history":[{"count":0,"href":"https:\/\/www.domaine-girard.com\/en\/wp-json\/wp\/v2\/pages\/1351\/revisions"}],"wp:attachment":[{"href":"https:\/\/www.domaine-girard.com\/en\/wp-json\/wp\/v2\/media?parent=1351"}],"curies":[{"name":"wp","href":"https:\/\/api.w.org\/{rel}","templated":true}]}}